{"id":60,"date":"2021-03-10T21:19:12","date_gmt":"2021-03-10T20:19:12","guid":{"rendered":"https:\/\/wastevalue.put.poznan.pl\/?page_id=60"},"modified":"2022-10-20T13:43:44","modified_gmt":"2022-10-20T11:43:44","slug":"o-projekcie","status":"publish","type":"page","link":"https:\/\/wastevalue.put.poznan.pl\/en\/","title":{"rendered":"About the project"},"content":{"rendered":"<div data-elementor-type=\"wp-page\" data-elementor-id=\"60\" class=\"elementor elementor-60\" data-elementor-settings=\"{&quot;ha_cmc_init_switcher&quot;:&quot;no&quot;}\">\n\t\t\t\t\t\t<section class=\"elementor-section elementor-top-section elementor-element elementor-element-1f7db5e elementor-section-full_width elementor-section-height-min-height elementor-section-height-default elementor-section-items-middle\" data-id=\"1f7db5e\" data-element_type=\"section\" data-settings=\"{&quot;background_background&quot;:&quot;slideshow&quot;,&quot;background_slideshow_gallery&quot;:[{&quot;id&quot;:84,&quot;url&quot;:&quot;http:\\\/\\\/wastevalue.put.poznan.pl\\\/wp-content\\\/uploads\\\/2021\\\/03\\\/IMG_2545-1-copy_1-scaled.jpg&quot;},{&quot;id&quot;:85,&quot;url&quot;:&quot;http:\\\/\\\/wastevalue.put.poznan.pl\\\/wp-content\\\/uploads\\\/2021\\\/03\\\/IMG_2680-1-copy_1-scaled.jpg&quot;},{&quot;id&quot;:86,&quot;url&quot;:&quot;http:\\\/\\\/wastevalue.put.poznan.pl\\\/wp-content\\\/uploads\\\/2021\\\/03\\\/IMG_2709-1-copy_1-scaled.jpg&quot;},{&quot;id&quot;:87,&quot;url&quot;:&quot;http:\\\/\\\/wastevalue.put.poznan.pl\\\/wp-content\\\/uploads\\\/2021\\\/03\\\/IMG_2804-1-copy_1-scaled.jpg&quot;},{&quot;id&quot;:88,&quot;url&quot;:&quot;http:\\\/\\\/wastevalue.put.poznan.pl\\\/wp-content\\\/uploads\\\/2021\\\/03\\\/IMG_2849-1-copy-scaled.jpg&quot;},{&quot;id&quot;:89,&quot;url&quot;:&quot;http:\\\/\\\/wastevalue.put.poznan.pl\\\/wp-content\\\/uploads\\\/2021\\\/03\\\/IMG_2929-1-copy-scaled.jpg&quot;}],&quot;background_slideshow_transition_duration&quot;:2000,&quot;background_slideshow_ken_burns&quot;:&quot;yes&quot;,&quot;shape_divider_bottom&quot;:&quot;opacity-tilt&quot;,&quot;background_slideshow_loop&quot;:&quot;yes&quot;,&quot;background_slideshow_slide_duration&quot;:5000,&quot;background_slideshow_slide_transition&quot;:&quot;fade&quot;,&quot;background_slideshow_ken_burns_zoom_direction&quot;:&quot;in&quot;,&quot;_ha_eqh_enable&quot;:false}\">\n\t\t\t\t\t<div class=\"elementor-shape elementor-shape-bottom\" aria-hidden=\"true\" data-negative=\"false\">\n\t\t\t<svg xmlns=\"http:\/\/www.w3.org\/2000\/svg\" viewbox=\"0 0 2600 131.1\" preserveaspectratio=\"none\">\n\t<path class=\"elementor-shape-fill\" d=\"M0 0L2600 0 2600 69.1 0 0z\"\/>\n\t<path class=\"elementor-shape-fill\" style=\"opacity:0.5\" d=\"M0 0L2600 0 2600 69.1 0 69.1z\"\/>\n\t<path class=\"elementor-shape-fill\" style=\"opacity:0.25\" d=\"M2600 0L0 0 0 130.1 2600 69.1z\"\/>\n<\/svg>\t\t<\/div>\n\t\t\t\t\t<div class=\"elementor-container elementor-column-gap-default\">\n\t\t\t\t\t<div class=\"elementor-column elementor-col-100 elementor-top-column elementor-element elementor-element-a42a4c9\" data-id=\"a42a4c9\" data-element_type=\"column\">\n\t\t\t<div class=\"elementor-widget-wrap\">\n\t\t\t\t\t\t\t<\/div>\n\t\t<\/div>\n\t\t\t\t\t<\/div>\n\t\t<\/section>\n\t\t\t\t<section class=\"elementor-section elementor-top-section elementor-element elementor-element-827bf49 elementor-section-boxed elementor-section-height-default elementor-section-height-default\" data-id=\"827bf49\" data-element_type=\"section\" data-settings=\"{&quot;_ha_eqh_enable&quot;:false}\">\n\t\t\t\t\t\t<div class=\"elementor-container elementor-column-gap-default\">\n\t\t\t\t\t<div class=\"elementor-column elementor-col-100 elementor-top-column elementor-element elementor-element-bfd3e79\" data-id=\"bfd3e79\" data-element_type=\"column\">\n\t\t\t<div class=\"elementor-widget-wrap elementor-element-populated\">\n\t\t\t\t\t\t<div class=\"elementor-element elementor-element-36d8701 elementor-widget elementor-widget-spacer\" data-id=\"36d8701\" data-element_type=\"widget\" data-widget_type=\"spacer.default\">\n\t\t\t\t<div class=\"elementor-widget-container\">\n\t\t\t\t\t\t\t<div class=\"elementor-spacer\">\n\t\t\t<div class=\"elementor-spacer-inner\"><\/div>\n\t\t<\/div>\n\t\t\t\t\t\t<\/div>\n\t\t\t\t<\/div>\n\t\t\t\t\t<\/div>\n\t\t<\/div>\n\t\t\t\t\t<\/div>\n\t\t<\/section>\n\t\t\t\t<section class=\"elementor-section elementor-top-section elementor-element elementor-element-f48056e elementor-section-content-middle elementor-section-boxed elementor-section-height-default elementor-section-height-default\" data-id=\"f48056e\" data-element_type=\"section\" data-settings=\"{&quot;_ha_eqh_enable&quot;:false}\">\n\t\t\t\t\t\t<div class=\"elementor-container elementor-column-gap-default\">\n\t\t\t\t\t<div class=\"elementor-column elementor-col-33 elementor-top-column elementor-element elementor-element-8d54686\" data-id=\"8d54686\" data-element_type=\"column\">\n\t\t\t<div class=\"elementor-widget-wrap elementor-element-populated\">\n\t\t\t\t\t\t<div class=\"elementor-element elementor-element-d0f4495 elementor-widget elementor-widget-image\" data-id=\"d0f4495\" data-element_type=\"widget\" data-widget_type=\"image.default\">\n\t\t\t\t<div class=\"elementor-widget-container\">\n\t\t\t\t\t\t\t\t\t\t\t\t\t\t\t\t<a href=\"https:\/\/www.gov.pl\/web\/ncbr\">\n\t\t\t\t\t\t\t<img fetchpriority=\"high\" decoding=\"async\" width=\"689\" height=\"175\" src=\"https:\/\/wastevalue.put.poznan.pl\/wp-content\/uploads\/2022\/10\/NCBR_logo_PL_i_ENG.png\" class=\"attachment-large size-large wp-image-583\" alt=\"\" srcset=\"https:\/\/wastevalue.put.poznan.pl\/wp-content\/uploads\/2022\/10\/NCBR_logo_PL_i_ENG.png 689w, https:\/\/wastevalue.put.poznan.pl\/wp-content\/uploads\/2022\/10\/NCBR_logo_PL_i_ENG-300x76.png 300w, https:\/\/wastevalue.put.poznan.pl\/wp-content\/uploads\/2022\/10\/NCBR_logo_PL_i_ENG-18x5.png 18w, https:\/\/wastevalue.put.poznan.pl\/wp-content\/uploads\/2022\/10\/NCBR_logo_PL_i_ENG-611x155.png 611w\" sizes=\"(max-width: 689px) 100vw, 689px\" \/>\t\t\t\t\t\t\t\t<\/a>\n\t\t\t\t\t\t\t\t\t\t\t\t\t\t\t<\/div>\n\t\t\t\t<\/div>\n\t\t\t\t\t<\/div>\n\t\t<\/div>\n\t\t\t\t<div class=\"elementor-column elementor-col-33 elementor-top-column elementor-element elementor-element-dcb7ad0\" data-id=\"dcb7ad0\" data-element_type=\"column\">\n\t\t\t<div class=\"elementor-widget-wrap\">\n\t\t\t\t\t\t\t<\/div>\n\t\t<\/div>\n\t\t\t\t<div class=\"elementor-column elementor-col-33 elementor-top-column elementor-element elementor-element-d620698\" data-id=\"d620698\" data-element_type=\"column\">\n\t\t\t<div class=\"elementor-widget-wrap elementor-element-populated\">\n\t\t\t\t\t\t<div class=\"elementor-element elementor-element-c6fd91b elementor-widget elementor-widget-image\" data-id=\"c6fd91b\" data-element_type=\"widget\" data-widget_type=\"image.default\">\n\t\t\t\t<div class=\"elementor-widget-container\">\n\t\t\t\t\t\t\t\t\t\t\t\t\t\t\t<img decoding=\"async\" width=\"234\" height=\"262\" src=\"https:\/\/wastevalue.put.poznan.pl\/wp-content\/uploads\/2021\/06\/Norway_grants.png\" class=\"attachment-large size-large wp-image-548\" alt=\"\" srcset=\"https:\/\/wastevalue.put.poznan.pl\/wp-content\/uploads\/2021\/06\/Norway_grants.png 234w, https:\/\/wastevalue.put.poznan.pl\/wp-content\/uploads\/2021\/06\/Norway_grants-11x12.png 11w\" sizes=\"(max-width: 234px) 100vw, 234px\" \/>\t\t\t\t\t\t\t\t\t\t\t\t\t\t\t<\/div>\n\t\t\t\t<\/div>\n\t\t\t\t\t<\/div>\n\t\t<\/div>\n\t\t\t\t\t<\/div>\n\t\t<\/section>\n\t\t\t\t<section class=\"elementor-section elementor-top-section elementor-element elementor-element-ba66118 elementor-section-boxed elementor-section-height-default elementor-section-height-default\" data-id=\"ba66118\" data-element_type=\"section\" data-settings=\"{&quot;_ha_eqh_enable&quot;:false}\">\n\t\t\t\t\t\t<div class=\"elementor-container elementor-column-gap-default\">\n\t\t\t\t\t<div class=\"elementor-column elementor-col-100 elementor-top-column elementor-element elementor-element-2e01688\" data-id=\"2e01688\" data-element_type=\"column\">\n\t\t\t<div class=\"elementor-widget-wrap elementor-element-populated\">\n\t\t\t\t\t\t<div class=\"elementor-element elementor-element-453956e elementor-widget elementor-widget-spacer\" data-id=\"453956e\" data-element_type=\"widget\" data-widget_type=\"spacer.default\">\n\t\t\t\t<div class=\"elementor-widget-container\">\n\t\t\t\t\t\t\t<div class=\"elementor-spacer\">\n\t\t\t<div class=\"elementor-spacer-inner\"><\/div>\n\t\t<\/div>\n\t\t\t\t\t\t<\/div>\n\t\t\t\t<\/div>\n\t\t\t\t\t<\/div>\n\t\t<\/div>\n\t\t\t\t\t<\/div>\n\t\t<\/section>\n\t\t\t\t<section class=\"elementor-section elementor-top-section elementor-element elementor-element-b95ca90 elementor-section-boxed elementor-section-height-default elementor-section-height-default\" data-id=\"b95ca90\" data-element_type=\"section\" data-settings=\"{&quot;_ha_eqh_enable&quot;:false}\">\n\t\t\t\t\t\t<div class=\"elementor-container elementor-column-gap-default\">\n\t\t\t\t\t<div class=\"elementor-column elementor-col-100 elementor-top-column elementor-element elementor-element-50f3c507\" data-id=\"50f3c507\" data-element_type=\"column\">\n\t\t\t<div class=\"elementor-widget-wrap elementor-element-populated\">\n\t\t\t\t\t\t<div class=\"elementor-element elementor-element-687677a elementor-widget elementor-widget-text-editor\" data-id=\"687677a\" data-element_type=\"widget\" data-widget_type=\"text-editor.default\">\n\t\t\t\t<div class=\"elementor-widget-container\">\n\t\t\t\t\t\t\t\t\t<p style=\"text-align: justify;\"><span style=\"font-size: 12pt;\">Project WasteValue is focused on circular economy and resource recovery challenge by deploying integrated bioprocessing to carbon and nutrients from organic fraction of municipal solid waste (OFMSW), food waste and fish sludge in order to make maximal use of these waste and residues. These fractions will be used to formulate a substitute for A-1 jet fuel, natural gas and agriculture fertilizer. We aimed at reaching strong impact with respect to the indicated co-products. The primary objective of the WasteValue is to explore and develop an innovative biorefinery scheme for the production of high performancebiofuels and a high-quality fertilizer from a variety of waste streams, thereby offering novel, research-based means of mitigating climate change and supporting the transition to a future sustainable bioeconomy.<\/span><\/p>\n<p style=\"text-align: justify;\"><span style=\"font-size: 12pt;\">\u00a0<\/span><\/p>\n<p style=\"text-align: justify;\"><span style=\"font-size: 12pt;\">The primary objective is achieved through the following secondary objectives:\u00a0<\/span><\/p>\n&nbsp;\n<p style=\"padding-left: 40px;\">1. optimizing the low-temperature pretreatment along with enzymatic hydrolysis of organic waste;<\/p>\n<p style=\"padding-left: 40px;\">2. maximizing OFMSW and food waste conversion to C6-C8 carboxylic acids;<\/p>\n<p style=\"padding-left: 40px;\">3. developing a cost-effective method for C6-C8 recovery and upgrading them to biojet fuels;<\/p>\n<p style=\"padding-left: 40px;\">4. developing an optimized system for obtaining enriched biogas through biomethanation;<\/p>\n<p style=\"padding-left: 40px;\">5. enriching the biorefinery\u2019s effluent to achieve a highly valuable fertilizer;<\/p>\n<p style=\"padding-left: 40px;\">6. integration and evaluation of the integrated biorefinery in terms of cost-efficiency;<\/p>\n<p style=\"padding-left: 40px;\">7. performing an environmental sustainability analysis.<\/p>\n\n<div style=\"text-align: justify;\"><span style=\"font-size: 16px;\">\u00a0<\/span><\/div>\n<p style=\"text-align: justify;\"><span style=\"font-size: 12pt;\">WasteValue will present the best possible solutions for effective organic waste management with regard to the environmental, social and economic aspects. The important aspect of emerging contaminants presence and fate, including microplastics, in the related processes will be also assessed. The technology will contribute to resource recovery and savings, improvement of economic aspects of waste management and multi- and interdisciplinary training and education of biorefinery aspects.<\/span><\/p>\t\t\t\t\t\t\t\t<\/div>\n\t\t\t\t<\/div>\n\t\t\t\t\t<\/div>\n\t\t<\/div>\n\t\t\t\t\t<\/div>\n\t\t<\/section>\n\t\t\t\t<section class=\"elementor-section elementor-top-section elementor-element elementor-element-33d97d2 elementor-section-boxed elementor-section-height-default elementor-section-height-default\" data-id=\"33d97d2\" data-element_type=\"section\" data-settings=\"{&quot;_ha_eqh_enable&quot;:false}\">\n\t\t\t\t\t\t<div class=\"elementor-container elementor-column-gap-default\">\n\t\t\t\t\t<div class=\"elementor-column elementor-col-100 elementor-top-column elementor-element elementor-element-cc4e20e\" data-id=\"cc4e20e\" data-element_type=\"column\">\n\t\t\t<div class=\"elementor-widget-wrap\">\n\t\t\t\t\t\t\t<\/div>\n\t\t<\/div>\n\t\t\t\t\t<\/div>\n\t\t<\/section>\n\t\t\t\t<section class=\"elementor-section elementor-top-section elementor-element elementor-element-bbb3da9 elementor-section-content-middle elementor-section-boxed elementor-section-height-default elementor-section-height-default\" data-id=\"bbb3da9\" data-element_type=\"section\" data-settings=\"{&quot;_ha_eqh_enable&quot;:false}\">\n\t\t\t\t\t\t<div class=\"elementor-container elementor-column-gap-default\">\n\t\t\t\t\t<div class=\"elementor-column elementor-col-33 elementor-top-column elementor-element elementor-element-8435382\" data-id=\"8435382\" data-element_type=\"column\">\n\t\t\t<div class=\"elementor-widget-wrap elementor-element-populated\">\n\t\t\t\t\t\t<div class=\"elementor-element elementor-element-e8302b6 elementor-widget elementor-widget-image\" data-id=\"e8302b6\" data-element_type=\"widget\" data-widget_type=\"image.default\">\n\t\t\t\t<div class=\"elementor-widget-container\">\n\t\t\t\t\t\t\t\t\t\t\t\t\t\t\t\t<a href=\"https:\/\/www.polsl.pl\">\n\t\t\t\t\t\t\t<img decoding=\"async\" width=\"1019\" height=\"317\" src=\"https:\/\/wastevalue.put.poznan.pl\/wp-content\/uploads\/2021\/03\/ps_uczelniabadawcza-1024x319.png\" class=\"attachment-large size-large wp-image-372\" alt=\"\" srcset=\"https:\/\/wastevalue.put.poznan.pl\/wp-content\/uploads\/2021\/03\/ps_uczelniabadawcza-1024x319.png 1024w, https:\/\/wastevalue.put.poznan.pl\/wp-content\/uploads\/2021\/03\/ps_uczelniabadawcza-300x94.png 300w, https:\/\/wastevalue.put.poznan.pl\/wp-content\/uploads\/2021\/03\/ps_uczelniabadawcza-768x239.png 768w, https:\/\/wastevalue.put.poznan.pl\/wp-content\/uploads\/2021\/03\/ps_uczelniabadawcza-1536x479.png 1536w, https:\/\/wastevalue.put.poznan.pl\/wp-content\/uploads\/2021\/03\/ps_uczelniabadawcza-2048x638.png 2048w, https:\/\/wastevalue.put.poznan.pl\/wp-content\/uploads\/2021\/03\/ps_uczelniabadawcza-16x5.png 16w, https:\/\/wastevalue.put.poznan.pl\/wp-content\/uploads\/2021\/03\/ps_uczelniabadawcza-611x190.png 611w\" sizes=\"(max-width: 1019px) 100vw, 1019px\" \/>\t\t\t\t\t\t\t\t<\/a>\n\t\t\t\t\t\t\t\t\t\t\t\t\t\t\t<\/div>\n\t\t\t\t<\/div>\n\t\t\t\t\t<\/div>\n\t\t<\/div>\n\t\t\t\t<div class=\"elementor-column elementor-col-33 elementor-top-column elementor-element elementor-element-f544990\" data-id=\"f544990\" data-element_type=\"column\">\n\t\t\t<div class=\"elementor-widget-wrap elementor-element-populated\">\n\t\t\t\t\t\t<div class=\"elementor-element elementor-element-5f7cfed elementor-widget elementor-widget-image\" data-id=\"5f7cfed\" data-element_type=\"widget\" data-widget_type=\"image.default\">\n\t\t\t\t<div class=\"elementor-widget-container\">\n\t\t\t\t\t\t\t\t\t\t\t\t\t\t\t\t<a href=\"https:\/\/put.poznan.pl\">\n\t\t\t\t\t\t\t<img loading=\"lazy\" decoding=\"async\" width=\"142\" height=\"142\" src=\"https:\/\/wastevalue.put.poznan.pl\/wp-content\/uploads\/2021\/03\/logo-PP_sygnet_drut.png\" class=\"attachment-large size-large wp-image-339\" alt=\"\" srcset=\"https:\/\/wastevalue.put.poznan.pl\/wp-content\/uploads\/2021\/03\/logo-PP_sygnet_drut.png 142w, https:\/\/wastevalue.put.poznan.pl\/wp-content\/uploads\/2021\/03\/logo-PP_sygnet_drut-12x12.png 12w\" sizes=\"(max-width: 142px) 100vw, 142px\" \/>\t\t\t\t\t\t\t\t<\/a>\n\t\t\t\t\t\t\t\t\t\t\t\t\t\t\t<\/div>\n\t\t\t\t<\/div>\n\t\t\t\t\t<\/div>\n\t\t<\/div>\n\t\t\t\t<div class=\"elementor-column elementor-col-33 elementor-top-column elementor-element elementor-element-81d5349\" data-id=\"81d5349\" data-element_type=\"column\">\n\t\t\t<div class=\"elementor-widget-wrap elementor-element-populated\">\n\t\t\t\t\t\t<div class=\"elementor-element elementor-element-8f158e2 elementor-widget elementor-widget-image\" data-id=\"8f158e2\" data-element_type=\"widget\" data-widget_type=\"image.default\">\n\t\t\t\t<div class=\"elementor-widget-container\">\n\t\t\t\t\t\t\t\t\t\t\t\t\t\t\t\t<a href=\"https:\/\/pg.edu.pl\/\">\n\t\t\t\t\t\t\t<img loading=\"lazy\" decoding=\"async\" width=\"1019\" height=\"317\" src=\"https:\/\/wastevalue.put.poznan.pl\/wp-content\/uploads\/2021\/03\/pg_uczelniabadawcza-1024x319.png\" class=\"attachment-large size-large wp-image-371\" alt=\"\" srcset=\"https:\/\/wastevalue.put.poznan.pl\/wp-content\/uploads\/2021\/03\/pg_uczelniabadawcza-1024x319.png 1024w, https:\/\/wastevalue.put.poznan.pl\/wp-content\/uploads\/2021\/03\/pg_uczelniabadawcza-300x94.png 300w, https:\/\/wastevalue.put.poznan.pl\/wp-content\/uploads\/2021\/03\/pg_uczelniabadawcza-768x239.png 768w, https:\/\/wastevalue.put.poznan.pl\/wp-content\/uploads\/2021\/03\/pg_uczelniabadawcza-1536x479.png 1536w, https:\/\/wastevalue.put.poznan.pl\/wp-content\/uploads\/2021\/03\/pg_uczelniabadawcza-2048x638.png 2048w, https:\/\/wastevalue.put.poznan.pl\/wp-content\/uploads\/2021\/03\/pg_uczelniabadawcza-16x5.png 16w, https:\/\/wastevalue.put.poznan.pl\/wp-content\/uploads\/2021\/03\/pg_uczelniabadawcza-611x190.png 611w\" sizes=\"(max-width: 1019px) 100vw, 1019px\" \/>\t\t\t\t\t\t\t\t<\/a>\n\t\t\t\t\t\t\t\t\t\t\t\t\t\t\t<\/div>\n\t\t\t\t<\/div>\n\t\t\t\t\t<\/div>\n\t\t<\/div>\n\t\t\t\t\t<\/div>\n\t\t<\/section>\n\t\t\t\t<section class=\"elementor-section elementor-top-section elementor-element elementor-element-24e5991 elementor-section-boxed elementor-section-height-default elementor-section-height-default\" data-id=\"24e5991\" data-element_type=\"section\" data-settings=\"{&quot;_ha_eqh_enable&quot;:false}\">\n\t\t\t\t\t\t<div class=\"elementor-container elementor-column-gap-default\">\n\t\t\t\t\t<div class=\"elementor-column elementor-col-100 elementor-top-column elementor-element elementor-element-7f0f8d7\" data-id=\"7f0f8d7\" data-element_type=\"column\">\n\t\t\t<div class=\"elementor-widget-wrap elementor-element-populated\">\n\t\t\t\t\t\t<div class=\"elementor-element elementor-element-a93da7e elementor-widget elementor-widget-spacer\" data-id=\"a93da7e\" data-element_type=\"widget\" data-widget_type=\"spacer.default\">\n\t\t\t\t<div class=\"elementor-widget-container\">\n\t\t\t\t\t\t\t<div class=\"elementor-spacer\">\n\t\t\t<div class=\"elementor-spacer-inner\"><\/div>\n\t\t<\/div>\n\t\t\t\t\t\t<\/div>\n\t\t\t\t<\/div>\n\t\t\t\t\t<\/div>\n\t\t<\/div>\n\t\t\t\t\t<\/div>\n\t\t<\/section>\n\t\t\t\t<section class=\"elementor-section elementor-top-section elementor-element elementor-element-822d498 elementor-section-content-middle elementor-section-boxed elementor-section-height-default elementor-section-height-default\" data-id=\"822d498\" data-element_type=\"section\" data-settings=\"{&quot;_ha_eqh_enable&quot;:false}\">\n\t\t\t\t\t\t<div class=\"elementor-container elementor-column-gap-default\">\n\t\t\t\t\t<div class=\"elementor-column elementor-col-33 elementor-top-column elementor-element elementor-element-19614b1\" data-id=\"19614b1\" data-element_type=\"column\">\n\t\t\t<div class=\"elementor-widget-wrap elementor-element-populated\">\n\t\t\t\t\t\t<div class=\"elementor-element elementor-element-56a8db9 elementor-widget elementor-widget-image\" data-id=\"56a8db9\" data-element_type=\"widget\" data-widget_type=\"image.default\">\n\t\t\t\t<div class=\"elementor-widget-container\">\n\t\t\t\t\t\t\t\t\t\t\t\t\t\t\t\t<a href=\"https:\/\/prochimia.com\/\">\n\t\t\t\t\t\t\t<img loading=\"lazy\" decoding=\"async\" width=\"1019\" height=\"206\" src=\"https:\/\/wastevalue.put.poznan.pl\/wp-content\/uploads\/2021\/03\/logoProchimia-1-1024x207.jpg\" class=\"attachment-large size-large wp-image-296\" alt=\"\" srcset=\"https:\/\/wastevalue.put.poznan.pl\/wp-content\/uploads\/2021\/03\/logoProchimia-1-1024x207.jpg 1024w, https:\/\/wastevalue.put.poznan.pl\/wp-content\/uploads\/2021\/03\/logoProchimia-1-300x61.jpg 300w, https:\/\/wastevalue.put.poznan.pl\/wp-content\/uploads\/2021\/03\/logoProchimia-1-768x156.jpg 768w, https:\/\/wastevalue.put.poznan.pl\/wp-content\/uploads\/2021\/03\/logoProchimia-1-1536x311.jpg 1536w, https:\/\/wastevalue.put.poznan.pl\/wp-content\/uploads\/2021\/03\/logoProchimia-1-16x3.jpg 16w, https:\/\/wastevalue.put.poznan.pl\/wp-content\/uploads\/2021\/03\/logoProchimia-1-611x124.jpg 611w, https:\/\/wastevalue.put.poznan.pl\/wp-content\/uploads\/2021\/03\/logoProchimia-1.jpg 1876w\" sizes=\"(max-width: 1019px) 100vw, 1019px\" \/>\t\t\t\t\t\t\t\t<\/a>\n\t\t\t\t\t\t\t\t\t\t\t\t\t\t\t<\/div>\n\t\t\t\t<\/div>\n\t\t\t\t\t<\/div>\n\t\t<\/div>\n\t\t\t\t<div class=\"elementor-column elementor-col-33 elementor-top-column elementor-element elementor-element-20badcd\" data-id=\"20badcd\" data-element_type=\"column\">\n\t\t\t<div class=\"elementor-widget-wrap elementor-element-populated\">\n\t\t\t\t\t\t<div class=\"elementor-element elementor-element-984589d elementor-widget elementor-widget-image\" data-id=\"984589d\" data-element_type=\"widget\" data-widget_type=\"image.default\">\n\t\t\t\t<div class=\"elementor-widget-container\">\n\t\t\t\t\t\t\t\t\t\t\t\t\t\t\t\t<a href=\"http:\/\/www.aabiot.com\">\n\t\t\t\t\t\t\t<img loading=\"lazy\" decoding=\"async\" width=\"487\" height=\"266\" src=\"https:\/\/wastevalue.put.poznan.pl\/wp-content\/uploads\/2021\/03\/logo_aabiotechnology-life_science.png\" class=\"attachment-large size-large wp-image-295\" alt=\"\" srcset=\"https:\/\/wastevalue.put.poznan.pl\/wp-content\/uploads\/2021\/03\/logo_aabiotechnology-life_science.png 487w, https:\/\/wastevalue.put.poznan.pl\/wp-content\/uploads\/2021\/03\/logo_aabiotechnology-life_science-300x164.png 300w, https:\/\/wastevalue.put.poznan.pl\/wp-content\/uploads\/2021\/03\/logo_aabiotechnology-life_science-16x9.png 16w\" sizes=\"(max-width: 487px) 100vw, 487px\" \/>\t\t\t\t\t\t\t\t<\/a>\n\t\t\t\t\t\t\t\t\t\t\t\t\t\t\t<\/div>\n\t\t\t\t<\/div>\n\t\t\t\t\t<\/div>\n\t\t<\/div>\n\t\t\t\t<div class=\"elementor-column elementor-col-33 elementor-top-column elementor-element elementor-element-ebb7f0a\" data-id=\"ebb7f0a\" data-element_type=\"column\">\n\t\t\t<div class=\"elementor-widget-wrap elementor-element-populated\">\n\t\t\t\t\t\t<div class=\"elementor-element elementor-element-29fb1cb elementor-widget elementor-widget-image\" data-id=\"29fb1cb\" data-element_type=\"widget\" data-widget_type=\"image.default\">\n\t\t\t\t<div class=\"elementor-widget-container\">\n\t\t\t\t\t\t\t\t\t\t\t\t\t\t\t\t<a href=\"https:\/\/aquateamcowi.no\/\">\n\t\t\t\t\t\t\t<img loading=\"lazy\" decoding=\"async\" width=\"432\" height=\"107\" src=\"https:\/\/wastevalue.put.poznan.pl\/wp-content\/uploads\/2021\/03\/aguateam_cowi_logo_RGB.jpg\" class=\"attachment-large size-large wp-image-319\" alt=\"\" srcset=\"https:\/\/wastevalue.put.poznan.pl\/wp-content\/uploads\/2021\/03\/aguateam_cowi_logo_RGB.jpg 432w, https:\/\/wastevalue.put.poznan.pl\/wp-content\/uploads\/2021\/03\/aguateam_cowi_logo_RGB-300x74.jpg 300w, https:\/\/wastevalue.put.poznan.pl\/wp-content\/uploads\/2021\/03\/aguateam_cowi_logo_RGB-16x4.jpg 16w\" sizes=\"(max-width: 432px) 100vw, 432px\" \/>\t\t\t\t\t\t\t\t<\/a>\n\t\t\t\t\t\t\t\t\t\t\t\t\t\t\t<\/div>\n\t\t\t\t<\/div>\n\t\t\t\t\t<\/div>\n\t\t<\/div>\n\t\t\t\t\t<\/div>\n\t\t<\/section>\n\t\t\t\t<section class=\"elementor-section elementor-top-section elementor-element elementor-element-6a798ca elementor-section-boxed elementor-section-height-default elementor-section-height-default\" data-id=\"6a798ca\" data-element_type=\"section\" data-settings=\"{&quot;_ha_eqh_enable&quot;:false}\">\n\t\t\t\t\t\t<div class=\"elementor-container elementor-column-gap-default\">\n\t\t\t\t\t<div class=\"elementor-column elementor-col-100 elementor-top-column elementor-element elementor-element-df6b767\" data-id=\"df6b767\" data-element_type=\"column\">\n\t\t\t<div class=\"elementor-widget-wrap elementor-element-populated\">\n\t\t\t\t\t\t<div class=\"elementor-element elementor-element-6fe504c elementor-widget elementor-widget-spacer\" data-id=\"6fe504c\" data-element_type=\"widget\" data-widget_type=\"spacer.default\">\n\t\t\t\t<div class=\"elementor-widget-container\">\n\t\t\t\t\t\t\t<div class=\"elementor-spacer\">\n\t\t\t<div class=\"elementor-spacer-inner\"><\/div>\n\t\t<\/div>\n\t\t\t\t\t\t<\/div>\n\t\t\t\t<\/div>\n\t\t\t\t\t<\/div>\n\t\t<\/div>\n\t\t\t\t\t<\/div>\n\t\t<\/section>\n\t\t\t\t<\/div>","protected":false},"excerpt":{"rendered":"<p>Projekt WasteValue opiera si\u0119 na za\u0142o\u017ceniach gospodarki obiegu zamkni\u0119tego i zgodnie z takimi wytycznymi podejmuje tematyk\u0119 zwi\u0105zan\u0105 z odzyskiwaniem zasob\u00f3w z odpad\u00f3w spo\u017cywczych i osad\u00f3w rybnych. W projekcie wykorzystane zostan\u0105 zintegrowane procesy przetwarzania frakcji organicznej odpad\u00f3w komunalnych (ang. OFMSW), w celu odzyskania w\u0119gla organicznego i sk\u0142adnik\u00f3w od\u017cywczych. Odzyskany materia\u0142 zostanie &hellip;<\/p>","protected":false},"author":1,"featured_media":0,"parent":0,"menu_order":0,"comment_status":"closed","ping_status":"closed","template":"elementor_header_footer","meta":{"ngg_post_thumbnail":0,"footnotes":""},"class_list":["post-60","page","type-page","status-publish","hentry"],"_links":{"self":[{"href":"https:\/\/wastevalue.put.poznan.pl\/en\/wp-json\/wp\/v2\/pages\/60","targetHints":{"allow":["GET"]}}],"collection":[{"href":"https:\/\/wastevalue.put.poznan.pl\/en\/wp-json\/wp\/v2\/pages"}],"about":[{"href":"https:\/\/wastevalue.put.poznan.pl\/en\/wp-json\/wp\/v2\/types\/page"}],"author":[{"embeddable":true,"href":"https:\/\/wastevalue.put.poznan.pl\/en\/wp-json\/wp\/v2\/users\/1"}],"replies":[{"embeddable":true,"href":"https:\/\/wastevalue.put.poznan.pl\/en\/wp-json\/wp\/v2\/comments?post=60"}],"version-history":[{"count":122,"href":"https:\/\/wastevalue.put.poznan.pl\/en\/wp-json\/wp\/v2\/pages\/60\/revisions"}],"predecessor-version":[{"id":586,"href":"https:\/\/wastevalue.put.poznan.pl\/en\/wp-json\/wp\/v2\/pages\/60\/revisions\/586"}],"wp:attachment":[{"href":"https:\/\/wastevalue.put.poznan.pl\/en\/wp-json\/wp\/v2\/media?parent=60"}],"curies":[{"name":"wp","href":"https:\/\/api.w.org\/{rel}","templated":true}]}}