{"id":69,"date":"2021-03-10T21:20:24","date_gmt":"2021-03-10T20:20:24","guid":{"rendered":"https:\/\/wastevalue.put.poznan.pl\/?page_id=69"},"modified":"2021-05-24T11:30:01","modified_gmt":"2021-05-24T09:30:01","slug":"kontakt","status":"publish","type":"page","link":"https:\/\/wastevalue.put.poznan.pl\/en\/kontakt\/","title":{"rendered":"Contact"},"content":{"rendered":"<div data-elementor-type=\"wp-page\" data-elementor-id=\"69\" class=\"elementor elementor-69\" data-elementor-settings=\"{&quot;ha_cmc_init_switcher&quot;:&quot;no&quot;}\">\n\t\t\t\t\t\t<section class=\"elementor-section elementor-top-section elementor-element elementor-element-36f004c9 elementor-section-boxed elementor-section-height-default elementor-section-height-default\" data-id=\"36f004c9\" data-element_type=\"section\" data-settings=\"{&quot;_ha_eqh_enable&quot;:false}\">\n\t\t\t\t\t\t<div class=\"elementor-container elementor-column-gap-default\">\n\t\t\t\t\t<div class=\"elementor-column elementor-col-50 elementor-top-column elementor-element elementor-element-71ba5b63\" data-id=\"71ba5b63\" data-element_type=\"column\">\n\t\t\t<div class=\"elementor-widget-wrap elementor-element-populated\">\n\t\t\t\t\t\t<div class=\"elementor-element elementor-element-67552189 elementor-widget elementor-widget-text-editor\" data-id=\"67552189\" data-element_type=\"widget\" data-widget_type=\"text-editor.default\">\n\t\t\t\t<div class=\"elementor-widget-container\">\n\t\t\t\t\t\t\t\t\t<p style=\"text-align: center;\"><span style=\"font-size: 14pt;\"><strong>Address<\/strong><\/span><br \/><span style=\"font-size: 14pt;\">Berdychowo 4<\/span><br \/><span style=\"font-size: 14pt;\">60-965 Pozna\u0144<br \/>Poland<\/span><\/p><p style=\"text-align: center;\"><span style=\"font-size: 14pt;\">Phone +48 61 665 3498<\/span><\/p><p style=\"text-align: center;\"><span style=\"font-size: 14pt;\">Prof. Piotr Ole\u015bkowicz-Popiel, PhD, DSc, Eng.<\/span><br \/><span style=\"font-size: 14pt;\">e-mial: <a href=\"mailto:Piotr.oleskowicz-popiel@put.poznan.pl\">piotr.oleskowicz-popiel@put.poznan.pl<\/a><\/span><\/p><p style=\"text-align: center;\">\u00a0<\/p>\t\t\t\t\t\t\t\t<\/div>\n\t\t\t\t<\/div>\n\t\t\t\t\t<\/div>\n\t\t<\/div>\n\t\t\t\t<div class=\"elementor-column elementor-col-50 elementor-top-column elementor-element elementor-element-457c815\" data-id=\"457c815\" data-element_type=\"column\">\n\t\t\t<div class=\"elementor-widget-wrap elementor-element-populated\">\n\t\t\t\t\t\t<div class=\"elementor-element elementor-element-e857d1f elementor-widget elementor-widget-google_maps\" data-id=\"e857d1f\" data-element_type=\"widget\" data-widget_type=\"google_maps.default\">\n\t\t\t\t<div class=\"elementor-widget-container\">\n\t\t\t\t\t\t\t<div class=\"elementor-custom-embed\">\n\t\t\t<iframe loading=\"lazy\"\n\t\t\t\t\tsrc=\"https:\/\/maps.google.com\/maps?q=Berdychowo%204%2060-965%20Poznan&#038;t=m&#038;z=15&#038;output=embed&#038;iwloc=near\"\n\t\t\t\t\ttitle=\"Berdychowo 4 60-965 Poznan\"\n\t\t\t\t\taria-label=\"Berdychowo 4 60-965 Poznan\"\n\t\t\t><\/iframe>\n\t\t<\/div>\n\t\t\t\t\t\t<\/div>\n\t\t\t\t<\/div>\n\t\t\t\t\t<\/div>\n\t\t<\/div>\n\t\t\t\t\t<\/div>\n\t\t<\/section>\n\t\t\t\t<\/div>","protected":false},"excerpt":{"rendered":"<p>AdresBerdychowo 460-965 Pozna\u0144Polska Tel. +48 61 665 3498 prof. dr hab. in\u017c. Piotr Ole\u015bkowicz-Popiele-mial: piotr.oleskowicz-popiel@put.poznan.pl \u00a0<\/p>","protected":false},"author":1,"featured_media":85,"parent":0,"menu_order":0,"comment_status":"closed","ping_status":"closed","template":"","meta":{"ngg_post_thumbnail":0,"footnotes":""},"class_list":["post-69","page","type-page","status-publish","has-post-thumbnail","hentry"],"_links":{"self":[{"href":"https:\/\/wastevalue.put.poznan.pl\/en\/wp-json\/wp\/v2\/pages\/69","targetHints":{"allow":["GET"]}}],"collection":[{"href":"https:\/\/wastevalue.put.poznan.pl\/en\/wp-json\/wp\/v2\/pages"}],"about":[{"href":"https:\/\/wastevalue.put.poznan.pl\/en\/wp-json\/wp\/v2\/types\/page"}],"author":[{"embeddable":true,"href":"https:\/\/wastevalue.put.poznan.pl\/en\/wp-json\/wp\/v2\/users\/1"}],"replies":[{"embeddable":true,"href":"https:\/\/wastevalue.put.poznan.pl\/en\/wp-json\/wp\/v2\/comments?post=69"}],"version-history":[{"count":14,"href":"https:\/\/wastevalue.put.poznan.pl\/en\/wp-json\/wp\/v2\/pages\/69\/revisions"}],"predecessor-version":[{"id":577,"href":"https:\/\/wastevalue.put.poznan.pl\/en\/wp-json\/wp\/v2\/pages\/69\/revisions\/577"}],"wp:featuredmedia":[{"embeddable":true,"href":"https:\/\/wastevalue.put.poznan.pl\/en\/wp-json\/wp\/v2\/media\/85"}],"wp:attachment":[{"href":"https:\/\/wastevalue.put.poznan.pl\/en\/wp-json\/wp\/v2\/media?parent=69"}],"curies":[{"name":"wp","href":"https:\/\/api.w.org\/{rel}","templated":true}]}}