{"id":72,"date":"2021-03-10T21:20:34","date_gmt":"2021-03-10T20:20:34","guid":{"rendered":"https:\/\/wastevalue.put.poznan.pl\/?page_id=72"},"modified":"2025-03-07T10:23:12","modified_gmt":"2025-03-07T09:23:12","slug":"publikacje","status":"publish","type":"page","link":"https:\/\/wastevalue.put.poznan.pl\/en\/publikacje\/","title":{"rendered":"Publications"},"content":{"rendered":"<p><strong>Publications:<\/strong><\/p>\n<ul>\n<li>Anna Duber, Roman Zagrodnik, Natalia Gutowska, Filip Brodowski, Tomasz D\u0105browski, S\u0142awomir D\u0105browski, Mateusz \u0141\u0119\u017cyk, Piotr Oleskowicz-Popiel, Single- vs. two-stage fermentation of an organic fraction of municipal solid waste for an enhanced medium chain carboxylic acids production \u2212 The impact of different pH and temperature, <u>Bioresource Technology<\/u>, Available online 22 October 2024, 131697, <a href=\"https:\/\/www.sciencedirect.com\/science\/article\/pii\/S0960852424014019?via%3Dihub\">https:\/\/www.sciencedirect.com\/science\/article\/pii\/S0960852424014019?via%3Dihub<\/a><\/li>\n<li>\n<div class=\"elementToProof\">Kumar, K.K., Cema, G., Ziembi\u0144ska-Buczy\u0144ska, A. <i>Kamel Hassan G., Hellal M., Surmacz-G\u00f3rska J.<\/i><\/div>\n<div class=\"elementToProof\">Sustainable biomethane production from waste biomass: challenges associated with process optimization in improving the yield. <i>Environ Sci Pollut Res<\/i> (2025). https:\/\/doi.org\/10.1007\/s11356-024-35864-5&nbsp;<a id=\"LPlnk299777\" href=\"https:\/\/link.springer.com\/article\/10.1007\/s11356-024-35864-5\">https:\/\/link.springer.com\/article\/10.1007\/s11356-024-35864-5<\/a><\/div>\n<div class=\"elementToProof\">&nbsp;<\/div>\n<\/li>\n<\/ul>\n<p><strong>&nbsp;<\/strong><\/p>\n<p><strong>Conferences:<\/strong><\/p>\n<ul>\n<li>Ioannis Kontogeorgos, Hubert Byli\u0144ski, Sylwia Fudala-Ksi\u0105\u017cek, Aneta \u0141uczkiewicz, Hydrolysis of Organic Fraction of Municipal Solid Waste (OFMSW) through Low Temperature Disintegration (LTD), preliminary results, 11th IWA International Symposium on Waste Management Problems in Agro\u2011Industry 2022-10-26, Gda\u0144sk, Poland <a href=\"https:\/\/iwa-agro2022.org\/wp-content\/uploads\/IWA-AGRO2022_panel_book_of_abstracts.pdf\">https:\/\/iwa-agro2022.org\/wp-content\/uploads\/IWA-AGRO2022_panel_book_of_abstracts.pdf<\/a><\/li>\n<li>Renata Tomczak-Wandzel, Beata Szatkowska, Circular economy based on Polish-Norwegian R&amp;D projects , MonGOS International Conference Water and Sewage in the Circular Economy Model, 2022-06-30, Cracow, Poland, <a href=\"https:\/\/www.mongos-conference.eu\/programme-1\">https:\/\/www.mongos-conference.eu\/programme-1<\/a><\/li>\n<li>Lelum Manamperuma, Renata Tomczak-Wandzel, Beata Szatkowska, Microplastics derived from municipal waste 11th IWA International Symposium on Waste Management Problems in Agro\u2011Industry, 2022-06-26, Gdansk, Poland, <a href=\"https:\/\/iwa-agro2022.org\/programme\/programme-features\/\">https:\/\/iwa-agro2022.org\/programme\/programme-features\/<\/a><\/li>\n<li>Filip Brodowski, Roman Zagrodnik, Anna Duber, Natalia Gutowska, Mateusz \u0141\u0119\u017cyk, Piotr, Oleskowicz-Popiel, Chain elongation as a method for organic waste valorisation, 11th IWA International Symposium on Waste Management Problems in Agro\u2011Industry, 2022-10-26, Gdansk, Poland, <a href=\"https:\/\/iwa-agro2022.org\/programme\/programme-features\/\">https:\/\/iwa-agro2022.org\/programme\/programme-features\/<\/a><\/li>\n<li>Dariusz Witt, Piotr Barski, Agnieszka Lindstaedt, Aneta Machnikowska, Justyna Doroszuk, Separation and isolation of C6-C8 carboxylic acids from fermentation broth for bio-jet fuel and biogas production, 11th IWA International Symposium on Waste Management Problems in Agro\u2011Industry 2022-10-26, Gdansk international Presentation <a href=\"https:\/\/iwa-agro2022.org\/programme\/programme-features\/\">https:\/\/iwa-agro2022.org\/programme\/programme-features\/<\/a><\/li>\n<li>Mohamed Saad Hellal, Grzegorz Cema, Kishore Kumar Kadimpati, Aleksandra Ziembi\u0144ska-Buczy\u0144ska, Joanna Surmacz-G\u00f3rska, Bio-methanation as an aid to environment improvement, 11th IWA International Symposium on Waste Management Problems in Agro\u2011Industry, 2022-10-26, Gdansk, Poland, <a href=\"https:\/\/iwa-agro2022.org\/programme\/programme-features\/\">https:\/\/iwa-agro2022.org\/programme\/programme-features\/<\/a><\/li>\n<li>Ewa Zaborowska, Sylwia Fudala-Ksi\u0105\u017cek, Anna Remiszewska-Skwarek, Energy efficiency of the integrated biorefinery for bio-jet fuel and biogas production from waste feedstock, Symposium on Waste Management Problems in Agro\u2011Industry, 2022-10-26, Gdansk, Poland, <a href=\"https:\/\/iwa-agro2022.org\/programme\/programme-features\/\">https:\/\/iwa-agro2022.org\/programme\/programme-features\/<\/a><\/li>\n<li>Natalia Gutarowska, Piotr Barski, Filip Brodowski, H. Byli\u0144ski, Grzegorz Cema, S\u0142awomir D\u0105browski, Tomasz D\u0105browski, Anna Duber, M.M.R. Estevez, Sylwia Fudala \u2013 Ksi\u0105\u017cek, Kasinath, Anaerobic biorefinery for resource recovery from waste feedstock \u2013 WasteValue, 17th IWA World Congress on Aanerobic Digestion, 2022-06-19, Ann Arbor, USA, <a href=\"https:\/\/iwa-network.org\/events\/17th-iwa-world-congress-on-anaerobic\">https:\/\/iwa-network.org\/events\/17th-iwa-world-congress-on-anaerobic<\/a><\/li>\n<\/ul>","protected":false},"excerpt":{"rendered":"<p>Publications: Anna Duber, Roman Zagrodnik, Natalia Gutowska, Filip Brodowski, Tomasz D\u0105browski, S\u0142awomir D\u0105browski, Mateusz \u0141\u0119\u017cyk, Piotr Oleskowicz-Popiel, Single- vs. two-stage fermentation of an organic fraction of municipal solid waste for an enhanced medium chain carboxylic acids production \u2212 The impact of different pH and temperature, Bioresource Technology, Available online 22 &hellip;<\/p>","protected":false},"author":1,"featured_media":46,"parent":0,"menu_order":0,"comment_status":"closed","ping_status":"closed","template":"","meta":{"ngg_post_thumbnail":0,"footnotes":""},"class_list":["post-72","page","type-page","status-publish","has-post-thumbnail","hentry"],"_links":{"self":[{"href":"https:\/\/wastevalue.put.poznan.pl\/en\/wp-json\/wp\/v2\/pages\/72","targetHints":{"allow":["GET"]}}],"collection":[{"href":"https:\/\/wastevalue.put.poznan.pl\/en\/wp-json\/wp\/v2\/pages"}],"about":[{"href":"https:\/\/wastevalue.put.poznan.pl\/en\/wp-json\/wp\/v2\/types\/page"}],"author":[{"embeddable":true,"href":"https:\/\/wastevalue.put.poznan.pl\/en\/wp-json\/wp\/v2\/users\/1"}],"replies":[{"embeddable":true,"href":"https:\/\/wastevalue.put.poznan.pl\/en\/wp-json\/wp\/v2\/comments?post=72"}],"version-history":[{"count":9,"href":"https:\/\/wastevalue.put.poznan.pl\/en\/wp-json\/wp\/v2\/pages\/72\/revisions"}],"predecessor-version":[{"id":784,"href":"https:\/\/wastevalue.put.poznan.pl\/en\/wp-json\/wp\/v2\/pages\/72\/revisions\/784"}],"wp:featuredmedia":[{"embeddable":true,"href":"https:\/\/wastevalue.put.poznan.pl\/en\/wp-json\/wp\/v2\/media\/46"}],"wp:attachment":[{"href":"https:\/\/wastevalue.put.poznan.pl\/en\/wp-json\/wp\/v2\/media?parent=72"}],"curies":[{"name":"wp","href":"https:\/\/api.w.org\/{rel}","templated":true}]}}